{"id":290,"date":"2018-09-17T08:12:19","date_gmt":"2018-09-17T08:12:19","guid":{"rendered":"http:\/\/justmakeit.es\/?page_id=290"},"modified":"2023-10-26T15:17:42","modified_gmt":"2023-10-26T14:17:42","slug":"politica-de-privacidad","status":"publish","type":"page","link":"http:\/\/justmakeit.es\/?page_id=290","title":{"rendered":"Pol\u00edtica de privacidad"},"content":{"rendered":"<p>Aqu\u00ed tenemos una ventaja, y es que no se permite publicar comentarios, ni crear usuarios.<\/p>\n<p>Tampoco guardo ning\u00fan dato de ning\u00fan usuario, ya que la \u00fanica motivaci\u00f3n de este sitio es mantener en mi memoria algunas de las cosas que he ido viendo o haciendo a lo largo de varios proyectos.<\/p>\n","protected":false},"excerpt":{"rendered":"<p>Aqu\u00ed tenemos una ventaja, y es que no se permite publicar comentarios, ni crear usuarios. Tampoco guardo ning\u00fan dato de &hellip; <a href=\"http:\/\/justmakeit.es\/?page_id=290\" class=\"btn btn-readmore\">Read More <span class=\"screen-reader-text\"> \u00abPol\u00edtica de privacidad\u00bb<\/span><\/a><\/p>\n","protected":false},"author":1,"featured_media":0,"parent":0,"menu_order":0,"comment_status":"closed","ping_status":"closed","template":"","meta":{"footnotes":""},"class_list":["post-290","page","type-page","status-publish","hentry"],"_links":{"self":[{"href":"http:\/\/justmakeit.es\/index.php?rest_route=\/wp\/v2\/pages\/290","targetHints":{"allow":["GET"]}}],"collection":[{"href":"http:\/\/justmakeit.es\/index.php?rest_route=\/wp\/v2\/pages"}],"about":[{"href":"http:\/\/justmakeit.es\/index.php?rest_route=\/wp\/v2\/types\/page"}],"author":[{"embeddable":true,"href":"http:\/\/justmakeit.es\/index.php?rest_route=\/wp\/v2\/users\/1"}],"replies":[{"embeddable":true,"href":"http:\/\/justmakeit.es\/index.php?rest_route=%2Fwp%2Fv2%2Fcomments&post=290"}],"version-history":[{"count":5,"href":"http:\/\/justmakeit.es\/index.php?rest_route=\/wp\/v2\/pages\/290\/revisions"}],"predecessor-version":[{"id":413,"href":"http:\/\/justmakeit.es\/index.php?rest_route=\/wp\/v2\/pages\/290\/revisions\/413"}],"wp:attachment":[{"href":"http:\/\/justmakeit.es\/index.php?rest_route=%2Fwp%2Fv2%2Fmedia&parent=290"}],"curies":[{"name":"wp","href":"https:\/\/api.w.org\/{rel}","templated":true}]}}